{"id":2310,"date":"2024-12-12T09:57:04","date_gmt":"2024-12-12T09:57:04","guid":{"rendered":"https:\/\/formulaciones.es\/?page_id=2310"},"modified":"2024-12-12T10:31:27","modified_gmt":"2024-12-12T10:31:27","slug":"politique-de-qualite","status":"publish","type":"page","link":"https:\/\/formulaciones.es\/fr\/politique-de-qualite\/","title":{"rendered":"Pol\u00edtica de Calidad"},"content":{"rendered":"<div data-elementor-type=\"wp-page\" data-elementor-id=\"2310\" class=\"elementor elementor-2310\" data-elementor-settings='{\"ha_cmc_init_switcher\":\"no\"}' data-elementor-post-type=\"page\">\n\t\t\t\t<div class=\"elementor-element elementor-element-ae665f4 e-flex e-con-boxed e-con e-parent\" data-id=\"ae665f4\" data-element_type=\"container\" data-e-type=\"container\">\n\t\t\t\t\t<div class=\"e-con-inner\">\n\t\t<div class=\"elementor-element elementor-element-e4997a1 e-con-full e-flex e-con e-child\" data-id=\"e4997a1\" data-element_type=\"container\" data-e-type=\"container\">\n\t\t\t\t<div class=\"elementor-element elementor-element-3b14973 elementor-widget elementor-widget-heading\" data-id=\"3b14973\" data-element_type=\"widget\" data-e-type=\"widget\" data-widget_type=\"heading.default\">\n\t\t\t\t<div class=\"elementor-widget-container\">\n\t\t\t\t\t<h1 class=\"elementor-heading-title elementor-size-default\">Politique de qualit\u00e9<\/h1>\t\t\t\t<\/div>\n\t\t\t\t<\/div>\n\t\t\t\t<div class=\"elementor-element elementor-element-4f04e66 elementor-widget elementor-widget-text-editor\" data-id=\"4f04e66\" data-element_type=\"widget\" data-e-type=\"widget\" data-widget_type=\"text-editor.default\">\n\t\t\t\t<div class=\"elementor-widget-container\">\n\t\t\t\t\t\t\t\t\t<p>Au<strong> Formulations<\/strong>En tant qu'entreprise d\u00e9di\u00e9e \u00e0 la fabrication et \u00e0 la commercialisation de syst\u00e8mes de polyur\u00e9thane, de polyol et de r\u00e9sine, nous consid\u00e9rons la qualit\u00e9 de nos produits et de nos activit\u00e9s comme notre plus grande responsabilit\u00e9, une priorit\u00e9 dans la strat\u00e9gie de l'entreprise et la base de notre culture, comme le refl\u00e8te notre slogan \"We provide solutions\" (Nous fournissons des solutions).<br>C'est la raison pour laquelle la direction met en \u0153uvre et r\u00e9vise chaque ann\u00e9e le syst\u00e8me de gestion des risques de l'entreprise. <b>Syst\u00e8mes de gestion de la qualit\u00e9<\/b> qui nous permet d'\u00e9tablir les objectifs et les besoins de notre organisation selon les principes suivants :<\/p>\t\t\t\t\t\t\t\t<\/div>\n\t\t\t\t<\/div>\n\t\t\t\t<div class=\"elementor-element elementor-element-f1feebd elementor-widget elementor-widget-heading\" data-id=\"f1feebd\" data-element_type=\"widget\" data-e-type=\"widget\" data-widget_type=\"heading.default\">\n\t\t\t\t<div class=\"elementor-widget-container\">\n\t\t\t\t\t<h2 class=\"elementor-heading-title elementor-size-default\">Avec nos clients<\/h2>\t\t\t\t<\/div>\n\t\t\t\t<\/div>\n\t\t\t\t<div class=\"elementor-element elementor-element-5ac1eb8 elementor-widget elementor-widget-text-editor\" data-id=\"5ac1eb8\" data-element_type=\"widget\" data-e-type=\"widget\" data-widget_type=\"text-editor.default\">\n\t\t\t\t<div class=\"elementor-widget-container\">\n\t\t\t\t\t\t\t\t\t<ul>\n<li>\u00c9laborer et\/ou <b>commercialiser des produits de haute qualit\u00e9<\/b>Nous nous engageons \u00e0 r\u00e9pondre aux besoins actuels et futurs de nos clients.<\/li>\n<li aria-level=\"1\">Suivre leurs attentes, en favorisant l'anticipation de leurs besoins, gr\u00e2ce \u00e0 une attention personnalis\u00e9e et professionnalis\u00e9e.<\/li>\n<li aria-level=\"1\"><b>Respecter les exigences l\u00e9gales applicables \u00e0 nos produits<\/b>La politique de l'organisme en mati\u00e8re de qualit\u00e9, les sp\u00e9cifications du client et les autres exigences de qualit\u00e9 auxquelles l'organisme souscrit.<\/li>\n<li aria-level=\"1\">\u00c9tablir et maintenir un syst\u00e8me de gestion efficace, en appliquant l'am\u00e9lioration continue \u00e0 l'optimisation des processus et des activit\u00e9s de l'entreprise.<\/li>\n<li aria-level=\"1\">Recherche de la <b>une satisfaction maximale du client<\/b> compris comme :<\/li>\n<\/ul>\t\t\t\t\t\t\t\t<\/div>\n\t\t\t\t<\/div>\n\t\t\t\t<div class=\"elementor-element elementor-element-2f916a0 elementor-widget elementor-widget-text-editor\" data-id=\"2f916a0\" data-element_type=\"widget\" data-e-type=\"widget\" data-widget_type=\"text-editor.default\">\n\t\t\t\t<div class=\"elementor-widget-container\">\n\t\t\t\t\t\t\t\t\t<ul>\n<li>A <b>une qualit\u00e9 technique irr\u00e9prochable des produits.<\/b><\/li>\n<li>Le <b>le respect syst\u00e9matique des engagements pris<\/b> et les d\u00e9lais de livraison de plus en plus courts exig\u00e9s par le client.<\/li>\n<li>A <b>traitement rapide et efficace des plaintes<\/b>les plaintes et les suggestions re\u00e7ues.<\/li>\n<li>Flexibilit\u00e9 et <b>capacit\u00e9 d'adaptation <\/b>aux besoins particuliers du client.<\/li>\n<\/ul>\t\t\t\t\t\t\t\t<\/div>\n\t\t\t\t<\/div>\n\t\t\t\t<div class=\"elementor-element elementor-element-7757544 elementor-widget elementor-widget-text-editor\" data-id=\"7757544\" data-element_type=\"widget\" data-e-type=\"widget\" data-widget_type=\"text-editor.default\">\n\t\t\t\t<div class=\"elementor-widget-container\">\n\t\t\t\t\t\t\t\t\t<h2><span style=\"font-weight: 400;\">Avec nos employ\u00e9s et nos partenaires<\/span><\/h2>\t\t\t\t\t\t\t\t<\/div>\n\t\t\t\t<\/div>\n\t\t\t\t<div class=\"elementor-element elementor-element-4de5c46 elementor-widget elementor-widget-text-editor\" data-id=\"4de5c46\" data-element_type=\"widget\" data-e-type=\"widget\" data-widget_type=\"text-editor.default\">\n\t\t\t\t<div class=\"elementor-widget-container\">\n\t\t\t\t\t\t\t\t\t<ul>\n<li><span style=\"font-weight: 400;\">Pour avoir <\/span><b>des ressources humaines, des installations, du mat\u00e9riel et des m\u00e9thodologies en nombre suffisant<\/b><span style=\"font-weight: 400;\"> de mesurer et de contr\u00f4ler les param\u00e8tres n\u00e9cessaires aux exigences de qualit\u00e9 et de l\u00e9galit\u00e9.<\/span><\/li>\n<li><b>Promouvoir l'\u00e9ducation et la formation tout au long de la vie<\/b><span style=\"font-weight: 400;\"> et la sensibilisation du personnel \u00e0 la qualit\u00e9.<\/span><\/li>\n<li><b>Promouvoir un environnement favorable aux relations humaines<\/b><span style=\"font-weight: 400;\">qui permet de r\u00e9aliser l'\u00e9panouissement personnel des employ\u00e9s, des collaborateurs et du public en g\u00e9n\u00e9ral, en tenant compte des codes \u00e9thiques correspondants dans toutes les actions men\u00e9es par l'organisation.<\/span><\/li>\n<\/ul>\t\t\t\t\t\t\t\t<\/div>\n\t\t\t\t<\/div>\n\t\t\t\t<div class=\"elementor-element elementor-element-2cda105 elementor-widget elementor-widget-text-editor\" data-id=\"2cda105\" data-element_type=\"widget\" data-e-type=\"widget\" data-widget_type=\"text-editor.default\">\n\t\t\t\t<div class=\"elementor-widget-container\">\n\t\t\t\t\t\t\t\t\t<h2><span style=\"font-weight: 400;\">Avec nos fournisseurs<\/span><\/h2>\t\t\t\t\t\t\t\t<\/div>\n\t\t\t\t<\/div>\n\t\t\t\t<div class=\"elementor-element elementor-element-ae6be95 elementor-widget elementor-widget-text-editor\" data-id=\"ae6be95\" data-element_type=\"widget\" data-e-type=\"widget\" data-widget_type=\"text-editor.default\">\n\t\t\t\t<div class=\"elementor-widget-container\">\n\t\t\t\t\t\t\t\t\t<ul>\n<li><span style=\"font-weight: 400;\">Pour avoir<\/span><b> des installations modernes et rationnelles<\/b><span style=\"font-weight: 400;\"> pour fabriquer des produits de haute qualit\u00e9, qui&nbsp;<\/span>garantir l'utilisation correcte des mati\u00e8res premi\u00e8res et auxiliaires autoris\u00e9es et s\u00fbres.<\/li>\n<\/ul>\n<ul>\n<li><span style=\"font-weight: 400;\">Promouvoir la <\/span><b>collaboration avec nos fournisseurs.<\/b><\/li>\n<\/ul>\t\t\t\t\t\t\t\t<\/div>\n\t\t\t\t<\/div>\n\t\t\t\t<div class=\"elementor-element elementor-element-f701603 elementor-widget elementor-widget-text-editor\" data-id=\"f701603\" data-element_type=\"widget\" data-e-type=\"widget\" data-widget_type=\"text-editor.default\">\n\t\t\t\t<div class=\"elementor-widget-container\">\n\t\t\t\t\t\t\t\t\t<p>L'engagement en faveur de la qualit\u00e9 dans les processus d\u00e9velopp\u00e9s par <b>Formulations<\/b> implique tous les membres de l'organisation dans son d\u00e9veloppement et son am\u00e9lioration continue, car la qualit\u00e9 est une responsabilit\u00e9 partag\u00e9e par l'ensemble du personnel.<\/p>\n<p><i>\u00c0 Alcal\u00e1 de Guada\u00edra, le 22 novembre 2018.<\/i><\/p>\n<p><b>Rafael Oliveros Calder\u00f3n<br>Gestionnaire<\/b><\/p>\t\t\t\t\t\t\t\t<\/div>\n\t\t\t\t<\/div>\n\t\t\t\t<\/div>\n\t\t\t\t\t<\/div>\n\t\t\t\t<\/div>\n\t\t\t\t<\/div>","protected":false},"excerpt":{"rendered":"<p>Pol&iacute;tica de Calidad En Formulaciones, empresa dedicada a la fabricaci&oacute;n y comercializaci&oacute;n de sistemas de poliuretanos, polioles y resinas, consideramos la Calidad de nuestros productos y actividades nuestra mayor responsabilidad, una prioridad en la estrategia de la empresa y la base de nuestra cultura, como refleja nuestro lema &ldquo;Aportamos soluciones&rdquo;.Por ello, desde la Direcci&oacute;n, se [&hellip;]<\/p>\n","protected":false},"author":1,"featured_media":0,"parent":0,"menu_order":0,"comment_status":"closed","ping_status":"closed","template":"","meta":{"footnotes":""},"class_list":["post-2310","page","type-page","status-publish","hentry"],"_links":{"self":[{"href":"https:\/\/formulaciones.es\/fr\/wp-json\/wp\/v2\/pages\/2310","targetHints":{"allow":["GET"]}}],"collection":[{"href":"https:\/\/formulaciones.es\/fr\/wp-json\/wp\/v2\/pages"}],"about":[{"href":"https:\/\/formulaciones.es\/fr\/wp-json\/wp\/v2\/types\/page"}],"author":[{"embeddable":true,"href":"https:\/\/formulaciones.es\/fr\/wp-json\/wp\/v2\/users\/1"}],"replies":[{"embeddable":true,"href":"https:\/\/formulaciones.es\/fr\/wp-json\/wp\/v2\/comments?post=2310"}],"version-history":[{"count":72,"href":"https:\/\/formulaciones.es\/fr\/wp-json\/wp\/v2\/pages\/2310\/revisions"}],"predecessor-version":[{"id":2383,"href":"https:\/\/formulaciones.es\/fr\/wp-json\/wp\/v2\/pages\/2310\/revisions\/2383"}],"wp:attachment":[{"href":"https:\/\/formulaciones.es\/fr\/wp-json\/wp\/v2\/media?parent=2310"}],"curies":[{"name":"wp","href":"https:\/\/api.w.org\/{rel}","templated":true}]}}