{"id":1256,"date":"2024-01-24T12:53:52","date_gmt":"2024-01-24T12:53:52","guid":{"rendered":"https:\/\/formulaciones.es\/?page_id=1256"},"modified":"2024-01-25T09:04:12","modified_gmt":"2024-01-25T09:04:12","slug":"nouvelles","status":"publish","type":"page","link":"https:\/\/formulaciones.es\/fr\/nouvelles\/","title":{"rendered":"Actualit\u00e9s"},"content":{"rendered":"<div data-elementor-type=\"wp-page\" data-elementor-id=\"1256\" class=\"elementor elementor-1256\" data-elementor-settings='{\"ha_cmc_init_switcher\":\"no\"}' data-elementor-post-type=\"page\">\n\t\t\t\t<div class=\"elementor-element elementor-element-98c6583 e-flex e-con-boxed e-con e-parent\" data-id=\"98c6583\" data-element_type=\"container\" data-e-type=\"container\">\n\t\t\t\t\t<div class=\"e-con-inner\">\n\t\t\t\t<div class=\"elementor-element elementor-element-836b16a elementor-widget elementor-widget-heading\" data-id=\"836b16a\" data-element_type=\"widget\" data-e-type=\"widget\" data-widget_type=\"heading.default\">\n\t\t\t\t<div class=\"elementor-widget-container\">\n\t\t\t\t\t<h2 class=\"elementor-heading-title elementor-size-default\">Actualit\u00e9s<\/h2>\t\t\t\t<\/div>\n\t\t\t\t<\/div>\n\t\t\t\t<div class=\"elementor-element elementor-element-5b9a0ec elementor-grid-3 elementor-grid-tablet-2 elementor-grid-mobile-1 elementor-posts--thumbnail-top elementor-card-shadow-yes elementor-posts__hover-gradient elementor-widget elementor-widget-posts\" data-id=\"5b9a0ec\" data-element_type=\"widget\" data-e-type=\"widget\" data-settings='{\"cards_row_gap\":{\"unit\":\"px\",\"size\":50,\"sizes\":[]},\"pagination_type\":\"load_more_infinite_scroll\",\"cards_columns\":\"3\",\"cards_columns_tablet\":\"2\",\"cards_columns_mobile\":\"1\",\"cards_row_gap_tablet\":{\"unit\":\"px\",\"size\":\"\",\"sizes\":[]},\"cards_row_gap_mobile\":{\"unit\":\"px\",\"size\":\"\",\"sizes\":[]},\"load_more_spinner\":{\"value\":\"fas fa-spinner\",\"library\":\"fa-solid\"}}' data-widget_type=\"posts.cards\">\n\t\t\t\t<div class=\"elementor-widget-container\">\n\t\t\t\t\t\t\t<div class=\"elementor-posts-container elementor-posts elementor-posts--skin-cards elementor-grid\" role=\"list\">\n\t\t\t\t<article class=\"elementor-post elementor-grid-item post-1337 post type-post status-publish format-standard has-post-thumbnail hentry category-uncategorized\" role=\"listitem\">\n\t\t\t<div class=\"elementor-post__card\">\n\t\t\t\t<a class=\"elementor-post__thumbnail__link\" href=\"https:\/\/formulaciones.es\/fr\/10-points-quun-architecte-doit-connaitre-sur-la-mousse-de-polyurethane\/\" tabindex=\"-1\"><div class=\"elementor-post__thumbnail\"><img fetchpriority=\"high\" decoding=\"async\" width=\"1920\" height=\"1039\" src=\"https:\/\/formulaciones.es\/wp-content\/uploads\/2024\/01\/10-claves-arquitectos-debens-aber1.jpg\" class=\"attachment-full size-full wp-image-1339\" alt=\"Vue ext\u00e9rieure d&#039;une maison moderne isol\u00e9e avec de la mousse de polyur\u00e9thane.\" srcset=\"https:\/\/formulaciones.es\/wp-content\/uploads\/2024\/01\/10-claves-arquitectos-debens-aber1.jpg 1920w, https:\/\/formulaciones.es\/wp-content\/uploads\/2024\/01\/10-claves-arquitectos-debens-aber1-300x162.jpg 300w, https:\/\/formulaciones.es\/wp-content\/uploads\/2024\/01\/10-claves-arquitectos-debens-aber1-1024x554.jpg 1024w, https:\/\/formulaciones.es\/wp-content\/uploads\/2024\/01\/10-claves-arquitectos-debens-aber1-768x416.jpg 768w, https:\/\/formulaciones.es\/wp-content\/uploads\/2024\/01\/10-claves-arquitectos-debens-aber1-1536x831.jpg 1536w\" sizes=\"(max-width: 1920px) 100vw, 1920px\"\/><\/div><\/a>\n\t\t\t\t<div class=\"elementor-post__text\">\n\t\t\t\t<h3 class=\"elementor-post__title\">\n\t\t\t<a href=\"https:\/\/formulaciones.es\/fr\/10-points-quun-architecte-doit-connaitre-sur-la-mousse-de-polyurethane\/\">\n\t\t\t\t10 points qu\u2019un architecte doit conna\u00eetre sur la mousse de polyur\u00e9thane\t\t\t<\/a>\n\t\t<\/h3>\n\t\t\t\t\t<div class=\"elementor-post__read-more-wrapper\">\n\t\t\n\t\t<a class=\"elementor-post__read-more\" href=\"https:\/\/formulaciones.es\/fr\/10-points-quun-architecte-doit-connaitre-sur-la-mousse-de-polyurethane\/\" aria-label=\"En savoir plus sur 10 indicadores sobre la espuma de poliuretano que debe saber un arquitecto\" tabindex=\"-1\">\n\t\t\tLire\t\t<\/a>\n\n\t\t\t\t\t<\/div>\n\t\t\t\t<\/div>\n\t\t\t\t\t<\/div>\n\t\t<\/article>\n\t\t\t\t<article class=\"elementor-post elementor-grid-item post-1286 post type-post status-publish format-standard has-post-thumbnail hentry category-uncategorized\" role=\"listitem\">\n\t\t\t<div class=\"elementor-post__card\">\n\t\t\t\t<a class=\"elementor-post__thumbnail__link\" href=\"https:\/\/formulaciones.es\/fr\/poliforma-comme-cle-de-lefficacite-energetique-dans-les-maisons-passives\/\" tabindex=\"-1\"><div class=\"elementor-post__thumbnail\"><img decoding=\"async\" width=\"1000\" height=\"541\" src=\"https:\/\/formulaciones.es\/wp-content\/uploads\/2024\/01\/passive-house-2r-1.jpg\" class=\"attachment-full size-full wp-image-1298\" alt=\"Maison passive ou Passivhaus Exterior Vusta\" srcset=\"https:\/\/formulaciones.es\/wp-content\/uploads\/2024\/01\/passive-house-2r-1.jpg 1000w, https:\/\/formulaciones.es\/wp-content\/uploads\/2024\/01\/passive-house-2r-1-300x162.jpg 300w, https:\/\/formulaciones.es\/wp-content\/uploads\/2024\/01\/passive-house-2r-1-768x415.jpg 768w\" sizes=\"(max-width: 1000px) 100vw, 1000px\"\/><\/div><\/a>\n\t\t\t\t<div class=\"elementor-post__text\">\n\t\t\t\t<h3 class=\"elementor-post__title\">\n\t\t\t<a href=\"https:\/\/formulaciones.es\/fr\/poliforma-comme-cle-de-lefficacite-energetique-dans-les-maisons-passives\/\">\n\t\t\t\tPoliforma, la solution intelligente pour les maisons passives \u00e0 haute performance \u00e9nerg\u00e9tique\t\t\t<\/a>\n\t\t<\/h3>\n\t\t\t\t\t<div class=\"elementor-post__read-more-wrapper\">\n\t\t\n\t\t<a class=\"elementor-post__read-more\" href=\"https:\/\/formulaciones.es\/fr\/poliforma-comme-cle-de-lefficacite-energetique-dans-les-maisons-passives\/\" aria-label=\"En savoir plus sur Poliforma como Clave para la Eficiencia Energ&eacute;tica en Casas Pasivas\" tabindex=\"-1\">\n\t\t\tLire\t\t<\/a>\n\n\t\t\t\t\t<\/div>\n\t\t\t\t<\/div>\n\t\t\t\t\t<\/div>\n\t\t<\/article>\n\t\t\t\t<article class=\"elementor-post elementor-grid-item post-1242 post type-post status-publish format-standard has-post-thumbnail hentry category-uncategorized\" role=\"listitem\">\n\t\t\t<div class=\"elementor-post__card\">\n\t\t\t\t<a class=\"elementor-post__thumbnail__link\" href=\"https:\/\/formulaciones.es\/fr\/des-solutions-de-formulation-pour-lutter-contre-lhumidite-et-les-fuites\/\" tabindex=\"-1\"><div class=\"elementor-post__thumbnail\"><img decoding=\"async\" width=\"900\" height=\"487\" src=\"https:\/\/formulaciones.es\/wp-content\/uploads\/2024\/01\/soluciones-goteras-1.jpg\" class=\"attachment-full size-full wp-image-1245\" alt=\"Ouvriers travaillant sur un toit pour l&#039;isoler avec du polyur\u00e9thane.\" srcset=\"https:\/\/formulaciones.es\/wp-content\/uploads\/2024\/01\/soluciones-goteras-1.jpg 900w, https:\/\/formulaciones.es\/wp-content\/uploads\/2024\/01\/soluciones-goteras-1-300x162.jpg 300w, https:\/\/formulaciones.es\/wp-content\/uploads\/2024\/01\/soluciones-goteras-1-768x416.jpg 768w\" sizes=\"(max-width: 900px) 100vw, 900px\"\/><\/div><\/a>\n\t\t\t\t<div class=\"elementor-post__text\">\n\t\t\t\t<h3 class=\"elementor-post__title\">\n\t\t\t<a href=\"https:\/\/formulaciones.es\/fr\/des-solutions-de-formulation-pour-lutter-contre-lhumidite-et-les-fuites\/\">\n\t\t\t\tSolutions formul\u00e9es pour la protection contre l'humidit\u00e9 et les infiltrations\t\t\t<\/a>\n\t\t<\/h3>\n\t\t\t\t\t<div class=\"elementor-post__read-more-wrapper\">\n\t\t\n\t\t<a class=\"elementor-post__read-more\" href=\"https:\/\/formulaciones.es\/fr\/des-solutions-de-formulation-pour-lutter-contre-lhumidite-et-les-fuites\/\" aria-label=\"En savoir plus sur Las soluciones de Formulaciones a las humedades y goteras\" tabindex=\"-1\">\n\t\t\tLire\t\t<\/a>\n\n\t\t\t\t\t<\/div>\n\t\t\t\t<\/div>\n\t\t\t\t\t<\/div>\n\t\t<\/article>\n\t\t\t\t<article class=\"elementor-post elementor-grid-item post-1233 post type-post status-publish format-standard has-post-thumbnail hentry category-uncategorized\" role=\"listitem\">\n\t\t\t<div class=\"elementor-post__card\">\n\t\t\t\t<a class=\"elementor-post__thumbnail__link\" href=\"https:\/\/formulaciones.es\/fr\/applications-du-polyurethane-dans-la-construction\/\" tabindex=\"-1\"><div class=\"elementor-post__thumbnail\"><img loading=\"lazy\" decoding=\"async\" width=\"900\" height=\"487\" src=\"https:\/\/formulaciones.es\/wp-content\/uploads\/2024\/01\/aplicaciones-del-poliuretano-en-la-construccion2-1.jpg\" class=\"attachment-full size-full wp-image-1235\" alt=\"deux chefs de chantier travaillant \u00e0 la construction d&#039;un b\u00e2timent\" srcset=\"https:\/\/formulaciones.es\/wp-content\/uploads\/2024\/01\/aplicaciones-del-poliuretano-en-la-construccion2-1.jpg 900w, https:\/\/formulaciones.es\/wp-content\/uploads\/2024\/01\/aplicaciones-del-poliuretano-en-la-construccion2-1-300x162.jpg 300w, https:\/\/formulaciones.es\/wp-content\/uploads\/2024\/01\/aplicaciones-del-poliuretano-en-la-construccion2-1-768x416.jpg 768w\" sizes=\"(max-width: 900px) 100vw, 900px\"\/><\/div><\/a>\n\t\t\t\t<div class=\"elementor-post__text\">\n\t\t\t\t<h3 class=\"elementor-post__title\">\n\t\t\t<a href=\"https:\/\/formulaciones.es\/fr\/applications-du-polyurethane-dans-la-construction\/\">\n\t\t\t\tApplications du polyur\u00e9thane dans la construction\t\t\t<\/a>\n\t\t<\/h3>\n\t\t\t\t\t<div class=\"elementor-post__read-more-wrapper\">\n\t\t\n\t\t<a class=\"elementor-post__read-more\" href=\"https:\/\/formulaciones.es\/fr\/applications-du-polyurethane-dans-la-construction\/\" aria-label=\"En savoir plus sur Aplicaciones del poliuretano en la Construcci&oacute;n\" tabindex=\"-1\">\n\t\t\tLire\t\t<\/a>\n\n\t\t\t\t\t<\/div>\n\t\t\t\t<\/div>\n\t\t\t\t\t<\/div>\n\t\t<\/article>\n\t\t\t\t<article class=\"elementor-post elementor-grid-item post-1220 post type-post status-publish format-standard has-post-thumbnail hentry category-uncategorized\" role=\"listitem\">\n\t\t\t<div class=\"elementor-post__card\">\n\t\t\t\t<a class=\"elementor-post__thumbnail__link\" href=\"https:\/\/formulaciones.es\/fr\/mousse-dinjection-de-polyurethane-2110-rehabilitation-dune-maison\/\" tabindex=\"-1\"><div class=\"elementor-post__thumbnail\"><img loading=\"lazy\" decoding=\"async\" width=\"900\" height=\"487\" src=\"https:\/\/formulaciones.es\/wp-content\/uploads\/2024\/01\/inyeccion-poliuretanoop.jpg\" class=\"attachment-full size-full wp-image-1221\" alt=\"Ouvrier injectant de la mousse de polyur\u00e9thane lors de la r\u00e9novation d&#039;une maison\" srcset=\"https:\/\/formulaciones.es\/wp-content\/uploads\/2024\/01\/inyeccion-poliuretanoop.jpg 900w, https:\/\/formulaciones.es\/wp-content\/uploads\/2024\/01\/inyeccion-poliuretanoop-300x162.jpg 300w, https:\/\/formulaciones.es\/wp-content\/uploads\/2024\/01\/inyeccion-poliuretanoop-768x416.jpg 768w\" sizes=\"(max-width: 900px) 100vw, 900px\"\/><\/div><\/a>\n\t\t\t\t<div class=\"elementor-post__text\">\n\t\t\t\t<h3 class=\"elementor-post__title\">\n\t\t\t<a href=\"https:\/\/formulaciones.es\/fr\/mousse-dinjection-de-polyurethane-2110-rehabilitation-dune-maison\/\">\n\t\t\t\tPOLIFORMA 2110 mousse d'injection polyur\u00e9thane : quand r\u00e9nover une maison devient facile\t\t\t<\/a>\n\t\t<\/h3>\n\t\t\t\t\t<div class=\"elementor-post__read-more-wrapper\">\n\t\t\n\t\t<a class=\"elementor-post__read-more\" href=\"https:\/\/formulaciones.es\/fr\/mousse-dinjection-de-polyurethane-2110-rehabilitation-dune-maison\/\" aria-label=\"En savoir plus sur Espuma de inyecci&oacute;n de poliuretano POLIFORMA 2110: cuando rehabilitar una vivienda es f&aacute;cil\" tabindex=\"-1\">\n\t\t\tLire\t\t<\/a>\n\n\t\t\t\t\t<\/div>\n\t\t\t\t<\/div>\n\t\t\t\t\t<\/div>\n\t\t<\/article>\n\t\t\t\t<article class=\"elementor-post elementor-grid-item post-1191 post type-post status-publish format-standard has-post-thumbnail hentry category-uncategorized\" role=\"listitem\">\n\t\t\t<div class=\"elementor-post__card\">\n\t\t\t\t<a class=\"elementor-post__thumbnail__link\" href=\"https:\/\/formulaciones.es\/fr\/lefficacite-energetique-la-plus-elevee-avec-la-meilleure-isolation-thermique-la-mousse-de-polyurethane\/\" tabindex=\"-1\"><div class=\"elementor-post__thumbnail\"><img loading=\"lazy\" decoding=\"async\" width=\"900\" height=\"487\" src=\"https:\/\/formulaciones.es\/wp-content\/uploads\/2024\/01\/aislamiento-con-espuma-de-poliuretano-interior-casa-1.jpg\" class=\"attachment-full size-full wp-image-1193\" alt=\"Int\u00e9rieur d&#039;une maison isol\u00e9e \u00e0 la mousse de polyur\u00e9thane\" srcset=\"https:\/\/formulaciones.es\/wp-content\/uploads\/2024\/01\/aislamiento-con-espuma-de-poliuretano-interior-casa-1.jpg 900w, https:\/\/formulaciones.es\/wp-content\/uploads\/2024\/01\/aislamiento-con-espuma-de-poliuretano-interior-casa-1-300x162.jpg 300w, https:\/\/formulaciones.es\/wp-content\/uploads\/2024\/01\/aislamiento-con-espuma-de-poliuretano-interior-casa-1-768x416.jpg 768w\" sizes=\"(max-width: 900px) 100vw, 900px\"\/><\/div><\/a>\n\t\t\t\t<div class=\"elementor-post__text\">\n\t\t\t\t<h3 class=\"elementor-post__title\">\n\t\t\t<a href=\"https:\/\/formulaciones.es\/fr\/lefficacite-energetique-la-plus-elevee-avec-la-meilleure-isolation-thermique-la-mousse-de-polyurethane\/\">\n\t\t\t\tEfficacit\u00e9 \u00e9nerg\u00e9tique accrue gr\u00e2ce \u00e0 la meilleure isolation thermique : la mousse de polyur\u00e9thane\t\t\t<\/a>\n\t\t<\/h3>\n\t\t\t\t\t<div class=\"elementor-post__read-more-wrapper\">\n\t\t\n\t\t<a class=\"elementor-post__read-more\" href=\"https:\/\/formulaciones.es\/fr\/lefficacite-energetique-la-plus-elevee-avec-la-meilleure-isolation-thermique-la-mousse-de-polyurethane\/\" aria-label=\"En savoir plus sur Mayor eficiencia energ&eacute;tica con el mejor aislamiento t&eacute;rmico: la espuma de poliuretano\" tabindex=\"-1\">\n\t\t\tLire\t\t<\/a>\n\n\t\t\t\t\t<\/div>\n\t\t\t\t<\/div>\n\t\t\t\t\t<\/div>\n\t\t<\/article>\n\t\t\t\t<article class=\"elementor-post elementor-grid-item post-1137 post type-post status-publish format-standard has-post-thumbnail hentry category-uncategorized\" role=\"listitem\">\n\t\t\t<div class=\"elementor-post__card\">\n\t\t\t\t<a class=\"elementor-post__thumbnail__link\" href=\"https:\/\/formulaciones.es\/fr\/les-formulations-de-polyurethane-prolongent-la-duree-de-vie-des-toits-et-des-terrasses\/\" tabindex=\"-1\"><div class=\"elementor-post__thumbnail\"><img loading=\"lazy\" decoding=\"async\" width=\"900\" height=\"487\" src=\"https:\/\/formulaciones.es\/wp-content\/uploads\/2024\/01\/profesionales-proyectando-poliuretano-.jpg\" class=\"attachment-full size-full wp-image-1138\" alt=\"Deux applicateurs sur un toit pulv\u00e9risant de la mousse de polyur\u00e9thane\" srcset=\"https:\/\/formulaciones.es\/wp-content\/uploads\/2024\/01\/profesionales-proyectando-poliuretano-.jpg 900w, https:\/\/formulaciones.es\/wp-content\/uploads\/2024\/01\/profesionales-proyectando-poliuretano--300x162.jpg 300w, https:\/\/formulaciones.es\/wp-content\/uploads\/2024\/01\/profesionales-proyectando-poliuretano--768x416.jpg 768w\" sizes=\"(max-width: 900px) 100vw, 900px\"\/><\/div><\/a>\n\t\t\t\t<div class=\"elementor-post__text\">\n\t\t\t\t<h3 class=\"elementor-post__title\">\n\t\t\t<a href=\"https:\/\/formulaciones.es\/fr\/les-formulations-de-polyurethane-prolongent-la-duree-de-vie-des-toits-et-des-terrasses\/\">\n\t\t\t\tFormulations polyur\u00e9thane prolonge la dur\u00e9e de vie des toits et des terrasses\t\t\t<\/a>\n\t\t<\/h3>\n\t\t\t\t\t<div class=\"elementor-post__read-more-wrapper\">\n\t\t\n\t\t<a class=\"elementor-post__read-more\" href=\"https:\/\/formulaciones.es\/fr\/les-formulations-de-polyurethane-prolongent-la-duree-de-vie-des-toits-et-des-terrasses\/\" aria-label=\"En savoir plus sur El poliuretano de Formulaciones alarga la vida de tejados y cubiertas\" tabindex=\"-1\">\n\t\t\tLire\t\t<\/a>\n\n\t\t\t\t\t<\/div>\n\t\t\t\t<\/div>\n\t\t\t\t\t<\/div>\n\t\t<\/article>\n\t\t\t\t<article class=\"elementor-post elementor-grid-item post-1125 post type-post status-publish format-standard has-post-thumbnail hentry category-uncategorized\" role=\"listitem\">\n\t\t\t<div class=\"elementor-post__card\">\n\t\t\t\t<a class=\"elementor-post__thumbnail__link\" href=\"https:\/\/formulaciones.es\/fr\/toute-la-verite-sur-le-polyurethane\/\" tabindex=\"-1\"><div class=\"elementor-post__thumbnail\"><img loading=\"lazy\" decoding=\"async\" width=\"900\" height=\"487\" src=\"https:\/\/formulaciones.es\/wp-content\/uploads\/2024\/01\/toda-la-verdad-sobre-le-poliuretano-2.jpg\" class=\"attachment-full size-full wp-image-1127\" alt=\"Applicateur pulv\u00e9risant le polyur\u00e9thane Poliforma sur un mur int\u00e9rieur\" srcset=\"https:\/\/formulaciones.es\/wp-content\/uploads\/2024\/01\/toda-la-verdad-sobre-le-poliuretano-2.jpg 900w, https:\/\/formulaciones.es\/wp-content\/uploads\/2024\/01\/toda-la-verdad-sobre-le-poliuretano-2-300x162.jpg 300w, https:\/\/formulaciones.es\/wp-content\/uploads\/2024\/01\/toda-la-verdad-sobre-le-poliuretano-2-768x416.jpg 768w\" sizes=\"(max-width: 900px) 100vw, 900px\"\/><\/div><\/a>\n\t\t\t\t<div class=\"elementor-post__text\">\n\t\t\t\t<h3 class=\"elementor-post__title\">\n\t\t\t<a href=\"https:\/\/formulaciones.es\/fr\/toute-la-verite-sur-le-polyurethane\/\">\n\t\t\t\tToute la v\u00e9rit\u00e9 sur le polyur\u00e9thane\t\t\t<\/a>\n\t\t<\/h3>\n\t\t\t\t\t<div class=\"elementor-post__read-more-wrapper\">\n\t\t\n\t\t<a class=\"elementor-post__read-more\" href=\"https:\/\/formulaciones.es\/fr\/toute-la-verite-sur-le-polyurethane\/\" aria-label=\"En savoir plus sur Toda la verdad sobre el poliuretano\" tabindex=\"-1\">\n\t\t\tLire\t\t<\/a>\n\n\t\t\t\t\t<\/div>\n\t\t\t\t<\/div>\n\t\t\t\t\t<\/div>\n\t\t<\/article>\n\t\t\t\t<article class=\"elementor-post elementor-grid-item post-1104 post type-post status-publish format-standard has-post-thumbnail hentry category-uncategorized\" role=\"listitem\">\n\t\t\t<div class=\"elementor-post__card\">\n\t\t\t\t<a class=\"elementor-post__thumbnail__link\" href=\"https:\/\/formulaciones.es\/fr\/lisolation-thermique-et-letancheite-dune-toiture\/\" tabindex=\"-1\"><div class=\"elementor-post__thumbnail\"><img loading=\"lazy\" decoding=\"async\" width=\"900\" height=\"487\" src=\"https:\/\/formulaciones.es\/wp-content\/uploads\/2024\/01\/tejado-caso-exito.jpg\" class=\"attachment-full size-full wp-image-1120\" alt=\"Toit isol\u00e9 et prot\u00e9g\u00e9 par la mousse de polyur\u00e9thane avanc\u00e9e Poliforma.\" srcset=\"https:\/\/formulaciones.es\/wp-content\/uploads\/2024\/01\/tejado-caso-exito.jpg 900w, https:\/\/formulaciones.es\/wp-content\/uploads\/2024\/01\/tejado-caso-exito-300x162.jpg 300w, https:\/\/formulaciones.es\/wp-content\/uploads\/2024\/01\/tejado-caso-exito-768x416.jpg 768w\" sizes=\"(max-width: 900px) 100vw, 900px\"\/><\/div><\/a>\n\t\t\t\t<div class=\"elementor-post__text\">\n\t\t\t\t<h3 class=\"elementor-post__title\">\n\t\t\t<a href=\"https:\/\/formulaciones.es\/fr\/lisolation-thermique-et-letancheite-dune-toiture\/\">\n\t\t\t\tIsolation thermique et \u00e9tanch\u00e9it\u00e9 des toitures\t\t\t<\/a>\n\t\t<\/h3>\n\t\t\t\t\t<div class=\"elementor-post__read-more-wrapper\">\n\t\t\n\t\t<a class=\"elementor-post__read-more\" href=\"https:\/\/formulaciones.es\/fr\/lisolation-thermique-et-letancheite-dune-toiture\/\" aria-label=\"En savoir plus sur Aislamiento t&eacute;rmico e impermeabilizaci&oacute;n de un tejado\" tabindex=\"-1\">\n\t\t\tLire\t\t<\/a>\n\n\t\t\t\t\t<\/div>\n\t\t\t\t<\/div>\n\t\t\t\t\t<\/div>\n\t\t<\/article>\n\t\t\t\t<article class=\"elementor-post elementor-grid-item post-1038 post type-post status-publish format-standard has-post-thumbnail hentry category-uncategorized\" role=\"listitem\">\n\t\t\t<div class=\"elementor-post__card\">\n\t\t\t\t<a class=\"elementor-post__thumbnail__link\" href=\"https:\/\/formulaciones.es\/fr\/quest-ce-que-le-polyurethane\/\" tabindex=\"-1\"><div class=\"elementor-post__thumbnail\"><img loading=\"lazy\" decoding=\"async\" width=\"950\" height=\"514\" src=\"https:\/\/formulaciones.es\/wp-content\/uploads\/2024\/01\/que-es-el-poliuretanoop.jpg\" class=\"attachment-full size-full wp-image-1063\" alt=\"Applicateur pulv\u00e9risant de la mousse de polyur\u00e9thane sur un mur pour l&#039;isoler.\" srcset=\"https:\/\/formulaciones.es\/wp-content\/uploads\/2024\/01\/que-es-el-poliuretanoop.jpg 950w, https:\/\/formulaciones.es\/wp-content\/uploads\/2024\/01\/que-es-el-poliuretanoop-300x162.jpg 300w, https:\/\/formulaciones.es\/wp-content\/uploads\/2024\/01\/que-es-el-poliuretanoop-768x416.jpg 768w\" sizes=\"(max-width: 950px) 100vw, 950px\"\/><\/div><\/a>\n\t\t\t\t<div class=\"elementor-post__text\">\n\t\t\t\t<h3 class=\"elementor-post__title\">\n\t\t\t<a href=\"https:\/\/formulaciones.es\/fr\/quest-ce-que-le-polyurethane\/\">\n\t\t\t\tQu'est-ce que le polyur\u00e9thane ?\t\t\t<\/a>\n\t\t<\/h3>\n\t\t\t\t\t<div class=\"elementor-post__read-more-wrapper\">\n\t\t\n\t\t<a class=\"elementor-post__read-more\" href=\"https:\/\/formulaciones.es\/fr\/quest-ce-que-le-polyurethane\/\" aria-label=\"En savoir plus sur &iquest;Qu&eacute; es el poliuretano?\" tabindex=\"-1\">\n\t\t\tLire\t\t<\/a>\n\n\t\t\t\t\t<\/div>\n\t\t\t\t<\/div>\n\t\t\t\t\t<\/div>\n\t\t<\/article>\n\t\t\t\t<\/div>\n\t\t\t\t\t<span class=\"e-load-more-spinner\">\n\t\t\t\t<svg aria-hidden=\"true\" class=\"e-font-icon-svg e-fas-spinner\" viewbox=\"0 0 512 512\" xmlns=\"http:\/\/www.w3.org\/2000\/svg\"><path d=\"M304 48c0 26.51-21.49 48-48 48s-48-21.49-48-48 21.49-48 48-48 48 21.49 48 48zm-48 368c-26.51 0-48 21.49-48 48s21.49 48 48 48 48-21.49 48-48-21.49-48-48-48zm208-208c-26.51 0-48 21.49-48 48s21.49 48 48 48 48-21.49 48-48-21.49-48-48-48zM96 256c0-26.51-21.49-48-48-48S0 229.49 0 256s21.49 48 48 48 48-21.49 48-48zm12.922 99.078c-26.51 0-48 21.49-48 48s21.49 48 48 48 48-21.49 48-48c0-26.509-21.491-48-48-48zm294.156 0c-26.51 0-48 21.49-48 48s21.49 48 48 48 48-21.49 48-48c0-26.509-21.49-48-48-48zM108.922 60.922c-26.51 0-48 21.49-48 48s21.49 48 48 48 48-21.49 48-48-21.491-48-48-48z\"><\/path><\/svg>\t\t\t<\/span>\n\t\t\n\t\t\t\t\t\t<\/div>\n\t\t\t\t<\/div>\n\t\t\t\t\t<\/div>\n\t\t\t\t<\/div>\n\t\t\t\t<\/div>","protected":false},"excerpt":{"rendered":"<p>Actualit\u00e9s<\/p>","protected":false},"author":1,"featured_media":0,"parent":0,"menu_order":0,"comment_status":"closed","ping_status":"closed","template":"","meta":{"footnotes":""},"class_list":["post-1256","page","type-page","status-publish","hentry"],"_links":{"self":[{"href":"https:\/\/formulaciones.es\/fr\/wp-json\/wp\/v2\/pages\/1256","targetHints":{"allow":["GET"]}}],"collection":[{"href":"https:\/\/formulaciones.es\/fr\/wp-json\/wp\/v2\/pages"}],"about":[{"href":"https:\/\/formulaciones.es\/fr\/wp-json\/wp\/v2\/types\/page"}],"author":[{"embeddable":true,"href":"https:\/\/formulaciones.es\/fr\/wp-json\/wp\/v2\/users\/1"}],"replies":[{"embeddable":true,"href":"https:\/\/formulaciones.es\/fr\/wp-json\/wp\/v2\/comments?post=1256"}],"version-history":[{"count":16,"href":"https:\/\/formulaciones.es\/fr\/wp-json\/wp\/v2\/pages\/1256\/revisions"}],"predecessor-version":[{"id":1345,"href":"https:\/\/formulaciones.es\/fr\/wp-json\/wp\/v2\/pages\/1256\/revisions\/1345"}],"wp:attachment":[{"href":"https:\/\/formulaciones.es\/fr\/wp-json\/wp\/v2\/media?parent=1256"}],"curies":[{"name":"wp","href":"https:\/\/api.w.org\/{rel}","templated":true}]}}